{"id":1435,"date":"2020-02-24T17:50:02","date_gmt":"2020-02-24T17:50:02","guid":{"rendered":"https:\/\/friolsl.com\/producto\/separator-filter-fw10-v-series\/"},"modified":"2020-02-24T17:50:02","modified_gmt":"2020-02-24T17:50:02","slug":"separator-filter-fw10-v-series","status":"publish","type":"product","link":"https:\/\/friolsl.com\/en\/producto\/separator-filter-fw10-v-series\/","title":{"rendered":"Separator filter FW10-V series"},"content":{"rendered":"","protected":false},"excerpt":{"rendered":"<p>Para instalaciones estacionarias en refiner\u00edas, almacenamientos de combustible, dep\u00f3sitos marinos, as\u00ed como lugares deonde hay tanquesy de acuerdo a EI 15815\u00aa edici\u00f3n, categor\u00eda C, Tipo S.<\/p>\n<p>Las carcasas del filtro separador de FAUDI, est\u00e1n dise\u00f1adas y construidas de acuerdo a las ditrectrices de ingenier\u00eda y la regulaci\u00f3n de recipientes a presi\u00f3n AD-2000, y en concordancia con otras regulaciones como ASME, con o sin u-stamp, BS, GOST-R,etc.<\/p>\n<p>&nbsp;<br \/>\n<a class=\"descarga\" href=\"\/wp-content\/uploads\/2020\/06\/FILTRO-SEPARADOR.pdf\" target=\"_blank\" rel=\"noopener noreferrer\" download=\"FILTRO-SEPARADOR-FW-10-V\">M\u00e1s informaci\u00f3n del producto<\/a><\/p>\n","protected":false},"featured_media":1436,"template":"","meta":[],"_links":{"self":[{"href":"https:\/\/friolsl.com\/en\/wp-json\/wp\/v2\/product\/1435"}],"collection":[{"href":"https:\/\/friolsl.com\/en\/wp-json\/wp\/v2\/product"}],"about":[{"href":"https:\/\/friolsl.com\/en\/wp-json\/wp\/v2\/types\/product"}],"wp:featuredmedia":[{"embeddable":true,"href":"https:\/\/friolsl.com\/en\/wp-json\/wp\/v2\/media\/1436"}],"wp:attachment":[{"href":"https:\/\/friolsl.com\/en\/wp-json\/wp\/v2\/media?parent=1435"}],"curies":[{"name":"wp","href":"https:\/\/api.w.org\/{rel}","templated":true}]}}