{"id":1400,"date":"2020-02-24T18:46:07","date_gmt":"2020-02-24T18:46:07","guid":{"rendered":"https:\/\/friolsl.com\/producto\/aluminum-tanks-for-fixed-installation-of-different-capacities\/"},"modified":"2020-02-24T18:46:07","modified_gmt":"2020-02-24T18:46:07","slug":"aluminum-tanks-for-fixed-installation-of-different-capacities","status":"publish","type":"product","link":"https:\/\/friolsl.com\/en\/producto\/aluminum-tanks-for-fixed-installation-of-different-capacities\/","title":{"rendered":"Aluminum tanks for fixed installation of different capacities"},"content":{"rendered":"","protected":false},"excerpt":{"rendered":"<div id=\"medio\" class=\"medio3 span-24\">\n<div id=\"contenido\">\n<p>Provisto de aspiraci\u00f3n flotante, cierre hidr\u00e1ulico con alto nivel, pocillo separador, sistema de medici\u00f3n de nivel y extracci\u00f3n de purgas.<\/p>\n<\/div>\n<div><\/div>\n<\/div>\n<div id=\"pie\" class=\"span-24 last\"><\/div>\n","protected":false},"featured_media":1401,"template":"","meta":[],"_links":{"self":[{"href":"https:\/\/friolsl.com\/en\/wp-json\/wp\/v2\/product\/1400"}],"collection":[{"href":"https:\/\/friolsl.com\/en\/wp-json\/wp\/v2\/product"}],"about":[{"href":"https:\/\/friolsl.com\/en\/wp-json\/wp\/v2\/types\/product"}],"wp:featuredmedia":[{"embeddable":true,"href":"https:\/\/friolsl.com\/en\/wp-json\/wp\/v2\/media\/1401"}],"wp:attachment":[{"href":"https:\/\/friolsl.com\/en\/wp-json\/wp\/v2\/media?parent=1400"}],"curies":[{"name":"wp","href":"https:\/\/api.w.org\/{rel}","templated":true}]}}